{"id":394,"date":"2016-11-10T14:36:35","date_gmt":"2016-11-10T13:36:35","guid":{"rendered":"https:\/\/oja-kreuzlingen.ch\/wp\/?page_id=394"},"modified":"2023-12-14T11:29:04","modified_gmt":"2023-12-14T10:29:04","slug":"mitglied-werden","status":"publish","type":"page","link":"https:\/\/oja-kreuzlingen.ch\/index.php\/mitglied-werden\/","title":{"rendered":"MITGLIED WERDEN"},"content":{"rendered":"<p><strong>Unterst\u00fctzen Sie unsere Jugend \u2013 werden Sie Mitglied!<\/strong><\/p>\n<p>Der Verein bezweckt die F\u00f6rderung der offenen Jugendarbeit in Kreuzlingen.<\/p>\n<p>Mit Ihrem Mitgliederbeitrag tragen Sie dazu bei, dass f\u00fcr die Jugendlichen aus Kreuzlingen und Umgebung spannende und jugendgerechte Angebote realisiert werden k\u00f6nnen.<\/p>\n<p>Herzlichen Dank<\/p>\n<p>&nbsp;<\/p>\n<p>Mitgliedschaft: CHF 50.-<\/p>\n<p>Kollektivmitgliedschaft: CHF 100.-<\/p>\n<p>M\u00f6chten Sie den Verein zus\u00e4tzlich unterst\u00fctzen und Sponsor werden? Klicken sie <a href=\"https:\/\/oja-kreuzlingen.ch\/index.php\/sponsoren\/\" target=\"_self\" rel=\"noopener noreferrer\">hier<\/a>.<\/p>\n<p><strong>\u00a0<\/strong><\/p>\n<p><strong>Mitgliederantrag:<\/strong><\/p>\n<p>[wd_contact_form id=&#8220;17&#8243;]<\/p>\n","protected":false},"excerpt":{"rendered":"<p>Unterst\u00fctzen Sie unsere Jugend \u2013 werden Sie Mitglied! Der Verein bezweckt die F\u00f6rderung der offenen Jugendarbeit in Kreuzlingen. Mit Ihrem Mitgliederbeitrag tragen Sie dazu bei, dass f\u00fcr die Jugendlichen aus Kreuzlingen und Umgebung spannende und jugendgerechte Angebote realisiert werden k\u00f6nnen. Herzlichen Dank &nbsp; Mitgliedschaft: CHF 50.- Kollektivmitgliedschaft: CHF 100.- M\u00f6chten Sie den Verein zus\u00e4tzlich unterst\u00fctzen und Sponsor werden? Klicken sie hier. \u00a0 Mitgliederantrag: [wd_contact_form id=&#8220;17&#8243;]<\/p>\n","protected":false},"author":1,"featured_media":0,"parent":0,"menu_order":0,"comment_status":"closed","ping_status":"closed","template":"","meta":{"footnotes":""},"class_list":["post-394","page","type-page","status-publish","hentry"],"_links":{"self":[{"href":"https:\/\/oja-kreuzlingen.ch\/index.php\/wp-json\/wp\/v2\/pages\/394","targetHints":{"allow":["GET"]}}],"collection":[{"href":"https:\/\/oja-kreuzlingen.ch\/index.php\/wp-json\/wp\/v2\/pages"}],"about":[{"href":"https:\/\/oja-kreuzlingen.ch\/index.php\/wp-json\/wp\/v2\/types\/page"}],"author":[{"embeddable":true,"href":"https:\/\/oja-kreuzlingen.ch\/index.php\/wp-json\/wp\/v2\/users\/1"}],"replies":[{"embeddable":true,"href":"https:\/\/oja-kreuzlingen.ch\/index.php\/wp-json\/wp\/v2\/comments?post=394"}],"version-history":[{"count":1,"href":"https:\/\/oja-kreuzlingen.ch\/index.php\/wp-json\/wp\/v2\/pages\/394\/revisions"}],"predecessor-version":[{"id":1251,"href":"https:\/\/oja-kreuzlingen.ch\/index.php\/wp-json\/wp\/v2\/pages\/394\/revisions\/1251"}],"wp:attachment":[{"href":"https:\/\/oja-kreuzlingen.ch\/index.php\/wp-json\/wp\/v2\/media?parent=394"}],"curies":[{"name":"wp","href":"https:\/\/api.w.org\/{rel}","templated":true}]}}